{"id":62,"date":"2017-06-28T15:18:14","date_gmt":"2017-06-28T15:18:14","guid":{"rendered":"https:\/\/systemeddotorg.wordpress.com\/?page_id=62"},"modified":"2022-11-26T15:40:56","modified_gmt":"2022-11-26T15:40:56","slug":"de-plastify","status":"publish","type":"page","link":"http:\/\/www.systeme-d.org\/fr\/projects\/de-plastify\/","title":{"rendered":"DE-PLASTIFIE TA VIE!"},"content":{"rendered":"\n<h4 class=\"wp-block-heading\">ZIGUINCHOR \u2013 EPINAY-SUR-SEINE \u2013 HAMBOURG \u2013 AMSTERDAM 2015-2016<\/h4>\n\n\n\n<p>En Septembre 2015, a eu lieu \u00e0 Hambourg la premi\u00e8re r\u00e9union trinationale franco-allemande-s\u00e9n\u00e9galaise sous le th\u00e8me <strong>\u00ab Deplastifiziere dein Leben! D\u00e9plastifie ta vie! M\u2019Bous Bakhoul! \u00bb<\/strong>; les participants \u00e0 cette rencontre ont \u00e9t\u00e9 des jeunes adultes d\u2019Hambourg (Allemagne), d\u2019Epinay-sur-Seine, d\u2019Aubervilliers (France) et de Ziguinchor (S\u00e9n\u00e9gal).<\/p>\n\n\n\n<p>Le but de la\nr\u00e9union en 2015 a \u00e9t\u00e9 l\u2019\u00e9tude du probl\u00e8me mondial des d\u00e9chets en plastique.\nDans les ateliers artistiques (up-cycling; recherche et vid\u00e9o; performance\nth\u00e9\u00e2trale) seront collect\u00e9es et \u00e9chang\u00e9es des informations qui seront ensuite\npr\u00e9sent\u00e9es dans le public.<\/p>\n\n\n\n<p>La rencontre\ntrinationale a \u00e9galement pour but de fournir un espace de r\u00e9flexion sur l\u2019autre\net la question environnementale \u00e0 l\u2019\u00e9chelle mondiale, \u00e0 partir des diff\u00e9rentes\nr\u00e9alit\u00e9s exp\u00e9riment\u00e9es dans des contextes locaux, culturelles et linguistiques.\n<\/p>\n\n\n\n<p>La rencontre a eu lieu \u00e0 Hambourg du 5 au 13 septembre 2015. Les r\u00e9sultats des ateliers ont \u00e9t\u00e9 pr\u00e9sent\u00e9s lors du <a href=\"https:\/\/www.ofaj.org\/ressources\/forum-de-jeunes-prends-ta-planete-en-main-video.html\">Forum de jeune franco-germano-marocain \u00ab Prends ta plan\u00e8te en main \u00bb de l\u2019OFAJ<\/a> le 13 septembre 2015. En outre, une d\u00e9l\u00e9gation a repr\u00e9sent\u00e9 le projet \u201cl\u2019Elbe Climat Camp\u201d port\u00e9 par <a href=\"http:\/\/hajusom.de\/\">Hajusom e.V.<\/a> \u00e0 Hambourg du 17 au 20 septembre 2015.\u00a0<\/p>\n\n\n\n<figure class=\"wp-block-embed is-type-video is-provider-youtube wp-block-embed-youtube wp-embed-aspect-16-9 wp-has-aspect-ratio\"><div class=\"wp-block-embed__wrapper\">\n<iframe loading=\"lazy\" title=\"Syst\u00e8me-D - Let\u00b4s talk about plastic\" width=\"770\" height=\"433\" src=\"https:\/\/www.youtube.com\/embed\/Tpp5Yumtzik?feature=oembed\" frameborder=\"0\" allow=\"accelerometer; autoplay; clipboard-write; encrypted-media; gyroscope; picture-in-picture\" allowfullscreen><\/iframe>\n<\/div><\/figure>\n\n\n\n<figure class=\"wp-block-embed is-type-video is-provider-youtube wp-block-embed-youtube wp-embed-aspect-16-9 wp-has-aspect-ratio\"><div class=\"wp-block-embed__wrapper\">\n<iframe loading=\"lazy\" title=\"Syst\u00e8me-D - Hamburg Teil 1\" width=\"770\" height=\"433\" src=\"https:\/\/www.youtube.com\/embed\/0m4_ZC5LMok?feature=oembed\" frameborder=\"0\" allow=\"accelerometer; autoplay; clipboard-write; encrypted-media; gyroscope; picture-in-picture\" allowfullscreen><\/iframe>\n<\/div><\/figure>\n\n\n\n<figure class=\"wp-block-embed is-type-video is-provider-youtube wp-block-embed-youtube wp-embed-aspect-16-9 wp-has-aspect-ratio\"><div class=\"wp-block-embed__wrapper\">\n<iframe loading=\"lazy\" title=\"Syst\u00e8me-D - Hamburg Teil 2\" width=\"770\" height=\"433\" src=\"https:\/\/www.youtube.com\/embed\/K54Y-VNK7Vo?feature=oembed\" frameborder=\"0\" allow=\"accelerometer; autoplay; clipboard-write; encrypted-media; gyroscope; picture-in-picture\" allowfullscreen><\/iframe>\n<\/div><\/figure>\n\n\n\n<hr class=\"wp-block-separator has-css-opacity\"\/>\n\n\n\n<p>Partenaires :<\/p>\n\n\n\n<p><a href=\"http:\/\/hajusom.de\/\">Hajusom e.V. <\/a> (Hambourg, Allemagne) <\/p>\n\n\n\n<p><a href=\"http:\/\/reeso.fr\/coeur.php\">REESO<\/a> reseau d\u00b4echange, d\u00b4entraide, solidaire et organise (Epinay-sur-Seine, Il-de-France\/Paris) <\/p>\n\n\n\n<p>ASC-Kulumba Association Sportive et Culturelle (Ziguinchor\/Senegal) <\/p>\n\n\n\n<p>Havelar&rsquo;s Engaged Youth (HEY!) (Amsterdam) <\/p>\n\n\n\n<p>En collaboration avec : Hajusom e.V., Haus der Familie bei der Schilleroper, Haus Drei (Hambourg, Allemagne)<\/p>\n\n\n\n<p>Financ\u00e9 par : OFAJ, la ville Hambourg (Beh\u00f6rde f\u00fcr Arbeit, Soziales, Familie und Integration), la fondation Robert Bosch  \/ On y va! <\/p>\n\n\n\n<figure class=\"wp-block-gallery has-nested-images columns-2 wp-block-gallery-1 is-layout-flex wp-block-gallery-is-layout-flex\">\n<figure class=\"wp-block-image size-large\"><a href=\"http:\/\/www.systeme-d.org\/hajusom-logo\/\"><img loading=\"lazy\" decoding=\"async\" width=\"1024\" height=\"520\" data-id=\"92\" src=\"http:\/\/www.systeme-d.org\/wp-content\/uploads\/2017\/06\/hajusom-logo-1024x520.jpg\" alt=\"\" class=\"wp-image-92\" srcset=\"http:\/\/www.systeme-d.org\/wp-content\/uploads\/2017\/06\/hajusom-logo-1024x520.jpg 1024w, http:\/\/www.systeme-d.org\/wp-content\/uploads\/2017\/06\/hajusom-logo-300x152.jpg 300w, http:\/\/www.systeme-d.org\/wp-content\/uploads\/2017\/06\/hajusom-logo-768x390.jpg 768w\" sizes=\"auto, (max-width: 1024px) 100vw, 1024px\" \/><\/a><\/figure>\n\n\n\n<figure class=\"wp-block-image size-large\"><a href=\"http:\/\/www.systeme-d.org\/hausdrei-logo_small_komp\/\"><img loading=\"lazy\" decoding=\"async\" width=\"319\" height=\"105\" data-id=\"111\" src=\"http:\/\/www.systeme-d.org\/wp-content\/uploads\/2017\/06\/hausdrei-logo_small_komp.png\" alt=\"\" class=\"wp-image-111\" srcset=\"http:\/\/www.systeme-d.org\/wp-content\/uploads\/2017\/06\/hausdrei-logo_small_komp.png 319w, http:\/\/www.systeme-d.org\/wp-content\/uploads\/2017\/06\/hausdrei-logo_small_komp-300x99.png 300w\" sizes=\"auto, (max-width: 319px) 100vw, 319px\" \/><\/a><\/figure>\n\n\n\n<figure class=\"wp-block-image size-large\"><a href=\"http:\/\/www.systeme-d.org\/haus-der-familie_logo\/\"><img loading=\"lazy\" decoding=\"async\" width=\"230\" height=\"195\" data-id=\"93\" src=\"http:\/\/www.systeme-d.org\/wp-content\/uploads\/2017\/06\/haus-der-familie_logo.jpg\" alt=\"\" class=\"wp-image-93\"\/><\/a><\/figure>\n\n\n\n<figure class=\"wp-block-image size-large\"><a href=\"http:\/\/www.systeme-d.org\/ofaj_dfjw_logo_1000px_web1\/\"><img loading=\"lazy\" decoding=\"async\" width=\"992\" height=\"641\" data-id=\"97\" src=\"http:\/\/www.systeme-d.org\/wp-content\/uploads\/2017\/06\/ofaj_dfjw_logo_1000px_web1.jpg\" alt=\"\" class=\"wp-image-97\" srcset=\"http:\/\/www.systeme-d.org\/wp-content\/uploads\/2017\/06\/ofaj_dfjw_logo_1000px_web1.jpg 992w, http:\/\/www.systeme-d.org\/wp-content\/uploads\/2017\/06\/ofaj_dfjw_logo_1000px_web1-300x194.jpg 300w, http:\/\/www.systeme-d.org\/wp-content\/uploads\/2017\/06\/ofaj_dfjw_logo_1000px_web1-768x496.jpg 768w\" sizes=\"auto, (max-width: 992px) 100vw, 992px\" \/><\/a><\/figure>\n\n\n\n<figure class=\"wp-block-image size-large\"><a href=\"http:\/\/www.systeme-d.org\/logo_hamburg\/\"><img loading=\"lazy\" decoding=\"async\" width=\"420\" height=\"120\" data-id=\"96\" src=\"http:\/\/www.systeme-d.org\/wp-content\/uploads\/2017\/06\/logo_hamburg.png\" alt=\"\" class=\"wp-image-96\" srcset=\"http:\/\/www.systeme-d.org\/wp-content\/uploads\/2017\/06\/logo_hamburg.png 420w, http:\/\/www.systeme-d.org\/wp-content\/uploads\/2017\/06\/logo_hamburg-300x86.png 300w\" sizes=\"auto, (max-width: 420px) 100vw, 420px\" \/><\/a><\/figure>\n\n\n\n<figure class=\"wp-block-image size-large\"><a href=\"http:\/\/www.systeme-d.org\/einfaelle-statt-abfaelle\/bosch_logo\/\"><img loading=\"lazy\" decoding=\"async\" width=\"1024\" height=\"105\" data-id=\"74\" src=\"http:\/\/www.systeme-d.org\/wp-content\/uploads\/2017\/06\/bosch_logo-1024x105.jpg\" alt=\"\" class=\"wp-image-74\" srcset=\"http:\/\/www.systeme-d.org\/wp-content\/uploads\/2017\/06\/bosch_logo-1024x105.jpg 1024w, http:\/\/www.systeme-d.org\/wp-content\/uploads\/2017\/06\/bosch_logo-300x31.jpg 300w, http:\/\/www.systeme-d.org\/wp-content\/uploads\/2017\/06\/bosch_logo-768x78.jpg 768w, http:\/\/www.systeme-d.org\/wp-content\/uploads\/2017\/06\/bosch_logo.jpg 1440w\" sizes=\"auto, (max-width: 1024px) 100vw, 1024px\" \/><\/a><\/figure>\n\n\n\n<figure class=\"wp-block-image size-large\"><a href=\"http:\/\/www.systeme-d.org\/einfaelle-statt-abfaelle\/key-visual-newsletter-on-y-va-indd\/\"><img loading=\"lazy\" decoding=\"async\" width=\"540\" height=\"150\" data-id=\"76\" src=\"http:\/\/www.systeme-d.org\/wp-content\/uploads\/2017\/06\/key-visual-newsletter-on-y-va_540x150.jpg\" alt=\"\" class=\"wp-image-76\" srcset=\"http:\/\/www.systeme-d.org\/wp-content\/uploads\/2017\/06\/key-visual-newsletter-on-y-va_540x150.jpg 540w, http:\/\/www.systeme-d.org\/wp-content\/uploads\/2017\/06\/key-visual-newsletter-on-y-va_540x150-300x83.jpg 300w\" sizes=\"auto, (max-width: 540px) 100vw, 540px\" \/><\/a><\/figure>\n<\/figure>\n","protected":false},"excerpt":{"rendered":"<p>ZIGUINCHOR \u2013 EPINAY-SUR-SEINE \u2013 HAMBOURG \u2013 AMSTERDAM 2015-2016 En Septembre 2015, a eu lieu \u00e0 Hambourg la premi\u00e8re r\u00e9union trinationale franco-allemande-s\u00e9n\u00e9galaise sous le th\u00e8me \u00ab Deplastifiziere dein Leben! D\u00e9plastifie ta vie! M\u2019Bous Bakhoul! \u00bb; les participants \u00e0 cette rencontre ont \u00e9t\u00e9 des jeunes adultes d\u2019Hambourg (Allemagne), d\u2019Epinay-sur-Seine, d\u2019Aubervilliers (France) et de Ziguinchor (S\u00e9n\u00e9gal). Le but [&hellip;]<\/p>\n","protected":false},"author":1,"featured_media":173,"parent":48,"menu_order":5,"comment_status":"closed","ping_status":"closed","template":"","meta":{"footnotes":""},"class_list":["post-62","page","type-page","status-publish","has-post-thumbnail","hentry"],"translation":{"provider":"WPGlobus","version":"2.12.2","language":"fr","enabled_languages":["de","en","fr"],"languages":{"de":{"title":true,"content":true,"excerpt":false},"en":{"title":true,"content":true,"excerpt":false},"fr":{"title":true,"content":true,"excerpt":false}}},"_links":{"self":[{"href":"http:\/\/www.systeme-d.org\/fr\/wp-json\/wp\/v2\/pages\/62","targetHints":{"allow":["GET"]}}],"collection":[{"href":"http:\/\/www.systeme-d.org\/fr\/wp-json\/wp\/v2\/pages"}],"about":[{"href":"http:\/\/www.systeme-d.org\/fr\/wp-json\/wp\/v2\/types\/page"}],"author":[{"embeddable":true,"href":"http:\/\/www.systeme-d.org\/fr\/wp-json\/wp\/v2\/users\/1"}],"replies":[{"embeddable":true,"href":"http:\/\/www.systeme-d.org\/fr\/wp-json\/wp\/v2\/comments?post=62"}],"version-history":[{"count":48,"href":"http:\/\/www.systeme-d.org\/fr\/wp-json\/wp\/v2\/pages\/62\/revisions"}],"predecessor-version":[{"id":1277,"href":"http:\/\/www.systeme-d.org\/fr\/wp-json\/wp\/v2\/pages\/62\/revisions\/1277"}],"up":[{"embeddable":true,"href":"http:\/\/www.systeme-d.org\/fr\/wp-json\/wp\/v2\/pages\/48"}],"wp:featuredmedia":[{"embeddable":true,"href":"http:\/\/www.systeme-d.org\/fr\/wp-json\/wp\/v2\/media\/173"}],"wp:attachment":[{"href":"http:\/\/www.systeme-d.org\/fr\/wp-json\/wp\/v2\/media?parent=62"}],"curies":[{"name":"wp","href":"https:\/\/api.w.org\/{rel}","templated":true}]}}