{"id":700,"date":"2019-06-04T19:39:58","date_gmt":"2019-06-04T19:39:58","guid":{"rendered":"http:\/\/www.systeme-d.org\/?page_id=700"},"modified":"2021-11-07T15:51:26","modified_gmt":"2021-11-07T15:51:26","slug":"pplace","status":"publish","type":"page","link":"http:\/\/www.systeme-d.org\/fr\/projects\/pplace\/","title":{"rendered":"PLACE \u00c0 PALABRE"},"content":{"rendered":"\n<h3 class=\"wp-block-heading\">Notre environnement, notre engagement<\/h3>\n\n\n\n<p>La deuxi\u00e8me\nrencontre interculturelle de jeunes adultes venant du S\u00e9n\u00e9gal, de France,\nd\u2019Allemagne et des Pays-Bas a eu lieu dans la ville de <em>Ziguinchor<\/em> au sud\ndu S\u00e9n\u00e9gal de 7 au 21 Mai 2016. Ensemble avec les habitants du quartier de <em>Kulumba<\/em>,\non a construit une place publique avec des bancs et une aire de jeux avec des\nmat\u00e9riaux de r\u00e9cup\u00e9ration. Cette place est inspir\u00e9e de l\u2019ancienne tradition\nr\u00e9gionale d\u2019une \u201ePlace \u00e0 palabre\u201c o\u00f9 les gens du quartier se retrouvent\nensemble et discutent pour ensuite r\u00e9soudre leurs conflits en commun. <\/p>\n\n\n\n<p>Outre cette\nplace commune, l\u2019\u00e9quipe a mis sur place deux ateliers de sensibilisation : dans\nl\u2019atelier de Calebasses (une vari\u00e9t\u00e9 r\u00e9gionale de citrouille) les participants\nont bricol\u00e9 des alternatives durables et locales au lieu des sachets plastiques\nutilis\u00e9s par les femmes pour aller au march\u00e9. Finalement, dans l\u2019atelier\nd\u2019\u00e9cole des s\u00e9ances de sensibilisation dans les \u00e9coles primaires ont eu lieu\npour sensibiliser d\u00e9j\u00e0 les plus petits de mani\u00e8re ludique aux effets sant\u00e9 et\naux cons\u00e9quences environnementales du plastique. Une f\u00eate d\u2019inauguration\nextraordinaire avec de la musique et des paroles, d\u2019un d\u00e9fil\u00e9 de Calebasses et\nde l\u2019acrobatie a conclu la rencontre.<\/p>\n\n\n\n<p>Partenaires :<\/p>\n\n\n\n<p><a href=\"http:\/\/hajusom.de\/\">Hajusom e.V. <\/a>(Hambourg, Allemagne)<\/p>\n\n\n\n<p><a href=\"http:\/\/reeso.fr\/coeur.php\">REESO<\/a> reseau d\u00b4echange, d\u00b4entraide, solidaire et organise (Epinay-sur-Seine, Il-de-France\/Paris) ASC-Kulumba Association Sportive et Culturelle (Ziguinchor\/Senegal) <\/p>\n\n\n\n<p>Havelar&rsquo;s Engaged Youth (HEY!) (Amsterdam, Aux-Pays-Bas) <\/p>\n\n\n\n<figure class=\"wp-block-gallery columns-2 is-cropped wp-block-gallery-1 is-layout-flex wp-block-gallery-is-layout-flex\"><ul class=\"blocks-gallery-grid\"><li class=\"blocks-gallery-item\"><figure><img loading=\"lazy\" decoding=\"async\" width=\"1950\" height=\"1300\" src=\"http:\/\/www.systeme-d.org\/wp-content\/uploads\/2017\/07\/dsc4313senegal_niculai_constantinescu_photography.jpg\" alt=\"\" data-id=\"188\" class=\"wp-image-188\" srcset=\"http:\/\/www.systeme-d.org\/wp-content\/uploads\/2017\/07\/dsc4313senegal_niculai_constantinescu_photography.jpg 1950w, http:\/\/www.systeme-d.org\/wp-content\/uploads\/2017\/07\/dsc4313senegal_niculai_constantinescu_photography-300x200.jpg 300w, http:\/\/www.systeme-d.org\/wp-content\/uploads\/2017\/07\/dsc4313senegal_niculai_constantinescu_photography-768x512.jpg 768w, http:\/\/www.systeme-d.org\/wp-content\/uploads\/2017\/07\/dsc4313senegal_niculai_constantinescu_photography-1024x683.jpg 1024w\" sizes=\"auto, (max-width: 1950px) 100vw, 1950px\" \/><\/figure><\/li><li class=\"blocks-gallery-item\"><figure><img loading=\"lazy\" decoding=\"async\" width=\"1950\" height=\"1300\" src=\"http:\/\/www.systeme-d.org\/wp-content\/uploads\/2017\/07\/dsc3445senegal_niculai_constantinescu_photography.jpg\" alt=\"\" data-id=\"187\" class=\"wp-image-187\" srcset=\"http:\/\/www.systeme-d.org\/wp-content\/uploads\/2017\/07\/dsc3445senegal_niculai_constantinescu_photography.jpg 1950w, http:\/\/www.systeme-d.org\/wp-content\/uploads\/2017\/07\/dsc3445senegal_niculai_constantinescu_photography-300x200.jpg 300w, http:\/\/www.systeme-d.org\/wp-content\/uploads\/2017\/07\/dsc3445senegal_niculai_constantinescu_photography-768x512.jpg 768w, http:\/\/www.systeme-d.org\/wp-content\/uploads\/2017\/07\/dsc3445senegal_niculai_constantinescu_photography-1024x683.jpg 1024w\" sizes=\"auto, (max-width: 1950px) 100vw, 1950px\" \/><\/figure><\/li><li class=\"blocks-gallery-item\"><figure><img loading=\"lazy\" decoding=\"async\" width=\"1950\" height=\"1300\" src=\"http:\/\/www.systeme-d.org\/wp-content\/uploads\/2017\/07\/dsc4487senegal_niculai_constantinescu_photography.jpg\" alt=\"\" data-id=\"189\" class=\"wp-image-189\" srcset=\"http:\/\/www.systeme-d.org\/wp-content\/uploads\/2017\/07\/dsc4487senegal_niculai_constantinescu_photography.jpg 1950w, http:\/\/www.systeme-d.org\/wp-content\/uploads\/2017\/07\/dsc4487senegal_niculai_constantinescu_photography-300x200.jpg 300w, http:\/\/www.systeme-d.org\/wp-content\/uploads\/2017\/07\/dsc4487senegal_niculai_constantinescu_photography-768x512.jpg 768w, http:\/\/www.systeme-d.org\/wp-content\/uploads\/2017\/07\/dsc4487senegal_niculai_constantinescu_photography-1024x683.jpg 1024w\" sizes=\"auto, (max-width: 1950px) 100vw, 1950px\" \/><\/figure><\/li><li class=\"blocks-gallery-item\"><figure><img loading=\"lazy\" decoding=\"async\" width=\"1950\" height=\"1300\" src=\"http:\/\/www.systeme-d.org\/wp-content\/uploads\/2017\/07\/dsc1732senegal_niculai_constantinescu_photography.jpg\" alt=\"\" data-id=\"186\" class=\"wp-image-186\" srcset=\"http:\/\/www.systeme-d.org\/wp-content\/uploads\/2017\/07\/dsc1732senegal_niculai_constantinescu_photography.jpg 1950w, http:\/\/www.systeme-d.org\/wp-content\/uploads\/2017\/07\/dsc1732senegal_niculai_constantinescu_photography-300x200.jpg 300w, http:\/\/www.systeme-d.org\/wp-content\/uploads\/2017\/07\/dsc1732senegal_niculai_constantinescu_photography-768x512.jpg 768w, http:\/\/www.systeme-d.org\/wp-content\/uploads\/2017\/07\/dsc1732senegal_niculai_constantinescu_photography-1024x683.jpg 1024w\" sizes=\"auto, (max-width: 1950px) 100vw, 1950px\" \/><\/figure><\/li><li class=\"blocks-gallery-item\"><figure><img loading=\"lazy\" decoding=\"async\" width=\"1950\" height=\"1300\" src=\"http:\/\/www.systeme-d.org\/wp-content\/uploads\/2017\/07\/dsc1633senegal_niculai_constantinescu_photography.jpg\" alt=\"\" data-id=\"185\" class=\"wp-image-185\" srcset=\"http:\/\/www.systeme-d.org\/wp-content\/uploads\/2017\/07\/dsc1633senegal_niculai_constantinescu_photography.jpg 1950w, http:\/\/www.systeme-d.org\/wp-content\/uploads\/2017\/07\/dsc1633senegal_niculai_constantinescu_photography-300x200.jpg 300w, http:\/\/www.systeme-d.org\/wp-content\/uploads\/2017\/07\/dsc1633senegal_niculai_constantinescu_photography-768x512.jpg 768w, http:\/\/www.systeme-d.org\/wp-content\/uploads\/2017\/07\/dsc1633senegal_niculai_constantinescu_photography-1024x683.jpg 1024w\" sizes=\"auto, (max-width: 1950px) 100vw, 1950px\" \/><\/figure><\/li><li class=\"blocks-gallery-item\"><figure><img loading=\"lazy\" decoding=\"async\" width=\"1950\" height=\"1300\" src=\"http:\/\/www.systeme-d.org\/wp-content\/uploads\/2017\/07\/dsc1561senegal_niculai_constantinescu_photography.jpg\" alt=\"\" data-id=\"184\" class=\"wp-image-184\" srcset=\"http:\/\/www.systeme-d.org\/wp-content\/uploads\/2017\/07\/dsc1561senegal_niculai_constantinescu_photography.jpg 1950w, http:\/\/www.systeme-d.org\/wp-content\/uploads\/2017\/07\/dsc1561senegal_niculai_constantinescu_photography-300x200.jpg 300w, http:\/\/www.systeme-d.org\/wp-content\/uploads\/2017\/07\/dsc1561senegal_niculai_constantinescu_photography-768x512.jpg 768w, http:\/\/www.systeme-d.org\/wp-content\/uploads\/2017\/07\/dsc1561senegal_niculai_constantinescu_photography-1024x683.jpg 1024w\" sizes=\"auto, (max-width: 1950px) 100vw, 1950px\" \/><\/figure><\/li><li class=\"blocks-gallery-item\"><figure><img loading=\"lazy\" decoding=\"async\" width=\"867\" height=\"1300\" src=\"http:\/\/www.systeme-d.org\/wp-content\/uploads\/2017\/07\/dsc1327senegal_niculai_constantinescu_photography.jpg\" alt=\"\" data-id=\"183\" class=\"wp-image-183\" srcset=\"http:\/\/www.systeme-d.org\/wp-content\/uploads\/2017\/07\/dsc1327senegal_niculai_constantinescu_photography.jpg 867w, http:\/\/www.systeme-d.org\/wp-content\/uploads\/2017\/07\/dsc1327senegal_niculai_constantinescu_photography-200x300.jpg 200w, http:\/\/www.systeme-d.org\/wp-content\/uploads\/2017\/07\/dsc1327senegal_niculai_constantinescu_photography-768x1152.jpg 768w, http:\/\/www.systeme-d.org\/wp-content\/uploads\/2017\/07\/dsc1327senegal_niculai_constantinescu_photography-683x1024.jpg 683w\" sizes=\"auto, (max-width: 867px) 100vw, 867px\" \/><\/figure><\/li><li class=\"blocks-gallery-item\"><figure><img loading=\"lazy\" decoding=\"async\" width=\"1950\" height=\"1300\" src=\"http:\/\/www.systeme-d.org\/wp-content\/uploads\/2017\/07\/dsc5861senegal_niculai_constantinescu_photography.jpg\" alt=\"\" data-id=\"182\" class=\"wp-image-182\" srcset=\"http:\/\/www.systeme-d.org\/wp-content\/uploads\/2017\/07\/dsc5861senegal_niculai_constantinescu_photography.jpg 1950w, http:\/\/www.systeme-d.org\/wp-content\/uploads\/2017\/07\/dsc5861senegal_niculai_constantinescu_photography-300x200.jpg 300w, http:\/\/www.systeme-d.org\/wp-content\/uploads\/2017\/07\/dsc5861senegal_niculai_constantinescu_photography-768x512.jpg 768w, http:\/\/www.systeme-d.org\/wp-content\/uploads\/2017\/07\/dsc5861senegal_niculai_constantinescu_photography-1024x683.jpg 1024w\" sizes=\"auto, (max-width: 1950px) 100vw, 1950px\" \/><\/figure><\/li><li class=\"blocks-gallery-item\"><figure><img loading=\"lazy\" decoding=\"async\" width=\"1950\" height=\"1300\" src=\"http:\/\/www.systeme-d.org\/wp-content\/uploads\/2017\/07\/dsc5838senegal_niculai_constantinescu_photography.jpg\" alt=\"\" data-id=\"181\" class=\"wp-image-181\" srcset=\"http:\/\/www.systeme-d.org\/wp-content\/uploads\/2017\/07\/dsc5838senegal_niculai_constantinescu_photography.jpg 1950w, http:\/\/www.systeme-d.org\/wp-content\/uploads\/2017\/07\/dsc5838senegal_niculai_constantinescu_photography-300x200.jpg 300w, http:\/\/www.systeme-d.org\/wp-content\/uploads\/2017\/07\/dsc5838senegal_niculai_constantinescu_photography-768x512.jpg 768w, http:\/\/www.systeme-d.org\/wp-content\/uploads\/2017\/07\/dsc5838senegal_niculai_constantinescu_photography-1024x683.jpg 1024w\" sizes=\"auto, (max-width: 1950px) 100vw, 1950px\" \/><\/figure><\/li><li class=\"blocks-gallery-item\"><figure><img loading=\"lazy\" decoding=\"async\" width=\"1950\" height=\"1300\" src=\"http:\/\/www.systeme-d.org\/wp-content\/uploads\/2017\/07\/dsc5819senegal_niculai_constantinescu_photography.jpg\" alt=\"\" data-id=\"180\" class=\"wp-image-180\" srcset=\"http:\/\/www.systeme-d.org\/wp-content\/uploads\/2017\/07\/dsc5819senegal_niculai_constantinescu_photography.jpg 1950w, http:\/\/www.systeme-d.org\/wp-content\/uploads\/2017\/07\/dsc5819senegal_niculai_constantinescu_photography-300x200.jpg 300w, http:\/\/www.systeme-d.org\/wp-content\/uploads\/2017\/07\/dsc5819senegal_niculai_constantinescu_photography-768x512.jpg 768w, http:\/\/www.systeme-d.org\/wp-content\/uploads\/2017\/07\/dsc5819senegal_niculai_constantinescu_photography-1024x683.jpg 1024w\" sizes=\"auto, (max-width: 1950px) 100vw, 1950px\" \/><\/figure><\/li><li class=\"blocks-gallery-item\"><figure><img loading=\"lazy\" decoding=\"async\" width=\"1950\" height=\"1300\" src=\"http:\/\/www.systeme-d.org\/wp-content\/uploads\/2017\/07\/dsc5801senegal_niculai_constantinescu_photography.jpg\" alt=\"\" data-id=\"179\" class=\"wp-image-179\" srcset=\"http:\/\/www.systeme-d.org\/wp-content\/uploads\/2017\/07\/dsc5801senegal_niculai_constantinescu_photography.jpg 1950w, http:\/\/www.systeme-d.org\/wp-content\/uploads\/2017\/07\/dsc5801senegal_niculai_constantinescu_photography-300x200.jpg 300w, http:\/\/www.systeme-d.org\/wp-content\/uploads\/2017\/07\/dsc5801senegal_niculai_constantinescu_photography-768x512.jpg 768w, http:\/\/www.systeme-d.org\/wp-content\/uploads\/2017\/07\/dsc5801senegal_niculai_constantinescu_photography-1024x683.jpg 1024w\" sizes=\"auto, (max-width: 1950px) 100vw, 1950px\" \/><\/figure><\/li><li class=\"blocks-gallery-item\"><figure><img loading=\"lazy\" decoding=\"async\" width=\"1950\" height=\"1300\" src=\"http:\/\/www.systeme-d.org\/wp-content\/uploads\/2017\/07\/dsc5437senegal_niculai_constantinescu_photography.jpg\" alt=\"\" data-id=\"178\" class=\"wp-image-178\" srcset=\"http:\/\/www.systeme-d.org\/wp-content\/uploads\/2017\/07\/dsc5437senegal_niculai_constantinescu_photography.jpg 1950w, http:\/\/www.systeme-d.org\/wp-content\/uploads\/2017\/07\/dsc5437senegal_niculai_constantinescu_photography-300x200.jpg 300w, http:\/\/www.systeme-d.org\/wp-content\/uploads\/2017\/07\/dsc5437senegal_niculai_constantinescu_photography-768x512.jpg 768w, http:\/\/www.systeme-d.org\/wp-content\/uploads\/2017\/07\/dsc5437senegal_niculai_constantinescu_photography-1024x683.jpg 1024w\" sizes=\"auto, (max-width: 1950px) 100vw, 1950px\" \/><\/figure><\/li><li class=\"blocks-gallery-item\"><figure><img loading=\"lazy\" decoding=\"async\" width=\"1950\" height=\"1300\" src=\"http:\/\/www.systeme-d.org\/wp-content\/uploads\/2017\/07\/dsc5354senegal_niculai_constantinescu_photography.jpg\" alt=\"\" data-id=\"177\" class=\"wp-image-177\" srcset=\"http:\/\/www.systeme-d.org\/wp-content\/uploads\/2017\/07\/dsc5354senegal_niculai_constantinescu_photography.jpg 1950w, http:\/\/www.systeme-d.org\/wp-content\/uploads\/2017\/07\/dsc5354senegal_niculai_constantinescu_photography-300x200.jpg 300w, http:\/\/www.systeme-d.org\/wp-content\/uploads\/2017\/07\/dsc5354senegal_niculai_constantinescu_photography-768x512.jpg 768w, http:\/\/www.systeme-d.org\/wp-content\/uploads\/2017\/07\/dsc5354senegal_niculai_constantinescu_photography-1024x683.jpg 1024w\" sizes=\"auto, (max-width: 1950px) 100vw, 1950px\" \/><\/figure><\/li><li class=\"blocks-gallery-item\"><figure><img loading=\"lazy\" decoding=\"async\" width=\"1950\" height=\"1300\" src=\"http:\/\/www.systeme-d.org\/wp-content\/uploads\/2017\/07\/dsc4673senegal_niculai_constantinescu_photography.jpg\" alt=\"\" data-id=\"176\" class=\"wp-image-176\" srcset=\"http:\/\/www.systeme-d.org\/wp-content\/uploads\/2017\/07\/dsc4673senegal_niculai_constantinescu_photography.jpg 1950w, http:\/\/www.systeme-d.org\/wp-content\/uploads\/2017\/07\/dsc4673senegal_niculai_constantinescu_photography-300x200.jpg 300w, http:\/\/www.systeme-d.org\/wp-content\/uploads\/2017\/07\/dsc4673senegal_niculai_constantinescu_photography-768x512.jpg 768w, http:\/\/www.systeme-d.org\/wp-content\/uploads\/2017\/07\/dsc4673senegal_niculai_constantinescu_photography-1024x683.jpg 1024w\" sizes=\"auto, (max-width: 1950px) 100vw, 1950px\" \/><\/figure><\/li><li class=\"blocks-gallery-item\"><figure><img loading=\"lazy\" decoding=\"async\" width=\"1950\" height=\"1300\" src=\"http:\/\/www.systeme-d.org\/wp-content\/uploads\/2017\/07\/dsc4667senegal_niculai_constantinescu_photography.jpg\" alt=\"\" data-id=\"175\" class=\"wp-image-175\" srcset=\"http:\/\/www.systeme-d.org\/wp-content\/uploads\/2017\/07\/dsc4667senegal_niculai_constantinescu_photography.jpg 1950w, http:\/\/www.systeme-d.org\/wp-content\/uploads\/2017\/07\/dsc4667senegal_niculai_constantinescu_photography-300x200.jpg 300w, http:\/\/www.systeme-d.org\/wp-content\/uploads\/2017\/07\/dsc4667senegal_niculai_constantinescu_photography-768x512.jpg 768w, http:\/\/www.systeme-d.org\/wp-content\/uploads\/2017\/07\/dsc4667senegal_niculai_constantinescu_photography-1024x683.jpg 1024w\" sizes=\"auto, (max-width: 1950px) 100vw, 1950px\" \/><\/figure><\/li><li class=\"blocks-gallery-item\"><figure><img loading=\"lazy\" decoding=\"async\" width=\"1950\" height=\"1300\" src=\"http:\/\/www.systeme-d.org\/wp-content\/uploads\/2017\/07\/dsc4663senegal_niculai_constantinescu_photography.jpg\" alt=\"\" data-id=\"174\" class=\"wp-image-174\" srcset=\"http:\/\/www.systeme-d.org\/wp-content\/uploads\/2017\/07\/dsc4663senegal_niculai_constantinescu_photography.jpg 1950w, http:\/\/www.systeme-d.org\/wp-content\/uploads\/2017\/07\/dsc4663senegal_niculai_constantinescu_photography-300x200.jpg 300w, http:\/\/www.systeme-d.org\/wp-content\/uploads\/2017\/07\/dsc4663senegal_niculai_constantinescu_photography-768x512.jpg 768w, http:\/\/www.systeme-d.org\/wp-content\/uploads\/2017\/07\/dsc4663senegal_niculai_constantinescu_photography-1024x683.jpg 1024w\" sizes=\"auto, (max-width: 1950px) 100vw, 1950px\" \/><\/figure><\/li><li class=\"blocks-gallery-item\"><figure><img loading=\"lazy\" decoding=\"async\" width=\"1950\" height=\"1300\" src=\"http:\/\/www.systeme-d.org\/wp-content\/uploads\/2017\/07\/dsc4660senegal_niculai_constantinescu_photography.jpg\" alt=\"\" data-id=\"173\" class=\"wp-image-173\" srcset=\"http:\/\/www.systeme-d.org\/wp-content\/uploads\/2017\/07\/dsc4660senegal_niculai_constantinescu_photography.jpg 1950w, http:\/\/www.systeme-d.org\/wp-content\/uploads\/2017\/07\/dsc4660senegal_niculai_constantinescu_photography-300x200.jpg 300w, http:\/\/www.systeme-d.org\/wp-content\/uploads\/2017\/07\/dsc4660senegal_niculai_constantinescu_photography-768x512.jpg 768w, http:\/\/www.systeme-d.org\/wp-content\/uploads\/2017\/07\/dsc4660senegal_niculai_constantinescu_photography-1024x683.jpg 1024w\" sizes=\"auto, (max-width: 1950px) 100vw, 1950px\" \/><\/figure><\/li><li class=\"blocks-gallery-item\"><figure><img loading=\"lazy\" decoding=\"async\" width=\"1950\" height=\"1300\" src=\"http:\/\/www.systeme-d.org\/wp-content\/uploads\/2017\/07\/dsc4629senegal_niculai_constantinescu_photography.jpg\" alt=\"\" data-id=\"172\" class=\"wp-image-172\" srcset=\"http:\/\/www.systeme-d.org\/wp-content\/uploads\/2017\/07\/dsc4629senegal_niculai_constantinescu_photography.jpg 1950w, http:\/\/www.systeme-d.org\/wp-content\/uploads\/2017\/07\/dsc4629senegal_niculai_constantinescu_photography-300x200.jpg 300w, http:\/\/www.systeme-d.org\/wp-content\/uploads\/2017\/07\/dsc4629senegal_niculai_constantinescu_photography-768x512.jpg 768w, http:\/\/www.systeme-d.org\/wp-content\/uploads\/2017\/07\/dsc4629senegal_niculai_constantinescu_photography-1024x683.jpg 1024w\" sizes=\"auto, (max-width: 1950px) 100vw, 1950px\" \/><\/figure><\/li><li class=\"blocks-gallery-item\"><figure><img loading=\"lazy\" decoding=\"async\" width=\"1950\" height=\"1300\" src=\"http:\/\/www.systeme-d.org\/wp-content\/uploads\/2017\/07\/dsc4489senegal_niculai_constantinescu_photography.jpg\" alt=\"\" data-id=\"171\" class=\"wp-image-171\" srcset=\"http:\/\/www.systeme-d.org\/wp-content\/uploads\/2017\/07\/dsc4489senegal_niculai_constantinescu_photography.jpg 1950w, http:\/\/www.systeme-d.org\/wp-content\/uploads\/2017\/07\/dsc4489senegal_niculai_constantinescu_photography-300x200.jpg 300w, http:\/\/www.systeme-d.org\/wp-content\/uploads\/2017\/07\/dsc4489senegal_niculai_constantinescu_photography-768x512.jpg 768w, http:\/\/www.systeme-d.org\/wp-content\/uploads\/2017\/07\/dsc4489senegal_niculai_constantinescu_photography-1024x683.jpg 1024w\" sizes=\"auto, (max-width: 1950px) 100vw, 1950px\" \/><\/figure><\/li><\/ul><\/figure>\n\n\n\n<p>photography copyright niculai constantinescu<\/p>\n\n\n\n<p>Financ\u00e9 par : OFAJ, la ville Hambourg (Beh\u00f6rde f\u00fcr Arbeit, Soziales, Familie und Integration), la fondation Robert Bosch  \/ On y va!<\/p>\n\n\n\n<figure class=\"wp-block-image is-resized\"><img loading=\"lazy\" decoding=\"async\" src=\"http:\/\/www.systeme-d.org\/wp-content\/uploads\/2017\/06\/ofaj_dfjw_logo_1000px_web1.jpg\" alt=\"\" class=\"wp-image-97\" width=\"310\" height=\"199\" srcset=\"http:\/\/www.systeme-d.org\/wp-content\/uploads\/2017\/06\/ofaj_dfjw_logo_1000px_web1.jpg 992w, http:\/\/www.systeme-d.org\/wp-content\/uploads\/2017\/06\/ofaj_dfjw_logo_1000px_web1-300x194.jpg 300w, http:\/\/www.systeme-d.org\/wp-content\/uploads\/2017\/06\/ofaj_dfjw_logo_1000px_web1-768x496.jpg 768w\" sizes=\"auto, (max-width: 310px) 100vw, 310px\" \/><\/figure>\n\n\n\n<figure class=\"wp-block-image is-resized\"><img loading=\"lazy\" decoding=\"async\" src=\"http:\/\/www.systeme-d.org\/wp-content\/uploads\/2019\/06\/logo_hamburg_hintergrund.jpg\" alt=\"\" class=\"wp-image-707\" width=\"333\" height=\"95\" srcset=\"http:\/\/www.systeme-d.org\/wp-content\/uploads\/2019\/06\/logo_hamburg_hintergrund.jpg 420w, http:\/\/www.systeme-d.org\/wp-content\/uploads\/2019\/06\/logo_hamburg_hintergrund-300x86.jpg 300w\" sizes=\"auto, (max-width: 333px) 100vw, 333px\" \/><\/figure>\n\n\n\n<figure class=\"wp-block-image is-resized\"><img loading=\"lazy\" decoding=\"async\" src=\"http:\/\/www.systeme-d.org\/wp-content\/uploads\/2019\/06\/Key-Visual-Newsletter-On-y-va_540x150.jpg\" alt=\"\" class=\"wp-image-710\" width=\"358\" height=\"99\" srcset=\"http:\/\/www.systeme-d.org\/wp-content\/uploads\/2019\/06\/Key-Visual-Newsletter-On-y-va_540x150.jpg 540w, http:\/\/www.systeme-d.org\/wp-content\/uploads\/2019\/06\/Key-Visual-Newsletter-On-y-va_540x150-300x83.jpg 300w, http:\/\/www.systeme-d.org\/wp-content\/uploads\/2019\/06\/Key-Visual-Newsletter-On-y-va_540x150-500x139.jpg 500w\" sizes=\"auto, (max-width: 358px) 100vw, 358px\" \/><\/figure>\n\n\n\n<figure class=\"wp-block-image is-resized\"><img loading=\"lazy\" decoding=\"async\" src=\"http:\/\/www.systeme-d.org\/wp-content\/uploads\/2019\/06\/Bosch_logo.jpg\" alt=\"\" class=\"wp-image-709\" width=\"361\" height=\"37\" srcset=\"http:\/\/www.systeme-d.org\/wp-content\/uploads\/2019\/06\/Bosch_logo.jpg 1440w, http:\/\/www.systeme-d.org\/wp-content\/uploads\/2019\/06\/Bosch_logo-300x31.jpg 300w, http:\/\/www.systeme-d.org\/wp-content\/uploads\/2019\/06\/Bosch_logo-768x78.jpg 768w, http:\/\/www.systeme-d.org\/wp-content\/uploads\/2019\/06\/Bosch_logo-1024x105.jpg 1024w, http:\/\/www.systeme-d.org\/wp-content\/uploads\/2019\/06\/Bosch_logo-500x51.jpg 500w\" sizes=\"auto, (max-width: 361px) 100vw, 361px\" \/><\/figure>\n","protected":false},"excerpt":{"rendered":"<p>Notre environnement, notre engagement La deuxi\u00e8me rencontre interculturelle de jeunes adultes venant du S\u00e9n\u00e9gal, de France, d\u2019Allemagne et des Pays-Bas a eu lieu dans la ville de Ziguinchor au sud du S\u00e9n\u00e9gal de 7 au 21 Mai 2016. Ensemble avec les habitants du quartier de Kulumba, on a construit une place publique avec des bancs [&hellip;]<\/p>\n","protected":false},"author":1,"featured_media":177,"parent":48,"menu_order":4,"comment_status":"closed","ping_status":"closed","template":"","meta":{"footnotes":""},"class_list":["post-700","page","type-page","status-publish","has-post-thumbnail","hentry"],"translation":{"provider":"WPGlobus","version":"2.12.2","language":"fr","enabled_languages":["de","en","fr"],"languages":{"de":{"title":true,"content":true,"excerpt":false},"en":{"title":true,"content":true,"excerpt":false},"fr":{"title":true,"content":true,"excerpt":false}}},"_links":{"self":[{"href":"http:\/\/www.systeme-d.org\/fr\/wp-json\/wp\/v2\/pages\/700","targetHints":{"allow":["GET"]}}],"collection":[{"href":"http:\/\/www.systeme-d.org\/fr\/wp-json\/wp\/v2\/pages"}],"about":[{"href":"http:\/\/www.systeme-d.org\/fr\/wp-json\/wp\/v2\/types\/page"}],"author":[{"embeddable":true,"href":"http:\/\/www.systeme-d.org\/fr\/wp-json\/wp\/v2\/users\/1"}],"replies":[{"embeddable":true,"href":"http:\/\/www.systeme-d.org\/fr\/wp-json\/wp\/v2\/comments?post=700"}],"version-history":[{"count":13,"href":"http:\/\/www.systeme-d.org\/fr\/wp-json\/wp\/v2\/pages\/700\/revisions"}],"predecessor-version":[{"id":957,"href":"http:\/\/www.systeme-d.org\/fr\/wp-json\/wp\/v2\/pages\/700\/revisions\/957"}],"up":[{"embeddable":true,"href":"http:\/\/www.systeme-d.org\/fr\/wp-json\/wp\/v2\/pages\/48"}],"wp:featuredmedia":[{"embeddable":true,"href":"http:\/\/www.systeme-d.org\/fr\/wp-json\/wp\/v2\/media\/177"}],"wp:attachment":[{"href":"http:\/\/www.systeme-d.org\/fr\/wp-json\/wp\/v2\/media?parent=700"}],"curies":[{"name":"wp","href":"https:\/\/api.w.org\/{rel}","templated":true}]}}